{"id":2625,"date":"2021-02-24T11:59:57","date_gmt":"2021-02-24T11:59:57","guid":{"rendered":"https:\/\/www.gundogdukarot.com.tr\/deposite-avm\/"},"modified":"2023-05-12T10:03:32","modified_gmt":"2023-05-12T10:03:32","slug":"deposite-avm","status":"publish","type":"page","link":"https:\/\/www.gundogdukarot.com.tr\/en\/deposite-avm\/","title":{"rendered":"DEPOS\u0130TE AVM"},"content":{"rendered":"<div class=\"bt_bb_wrapper\"><section id=\"bt_bb_section69e2502be6b81\" data-parallax=\"0.6\" data-parallax-offset=\"0\" data-background_image_src=\"'https:\/\/www.gundogdukarot.com.tr\/wp-content\/uploads\/2021\/02\/Kapak-Resmi-14.jpg'\" class=\"bt_bb_section bt_bb_top_spacing_large bt_bb_bottom_spacing_extra_large bt_bb_color_scheme_1 bt_bb_layout_boxed_1200 bt_bb_vertical_align_top bt_bb_parallax btLazyLoadBackground bt_bb_background_image bt_bb_background_overlay_dark_stripes\" style=\"background-image:url(&#039;https:\/\/www.gundogdukarot.com.tr\/wp-content\/plugins\/bold-page-builder\/img\/blank.gif&#039;);;background-color:#3d3d3d;\"><div class=\"bt_bb_port\"><div class=\"bt_bb_cell\"><div class=\"bt_bb_cell_inner\"><div class=\"bt_bb_row_wrapper\"><div  class=\"bt_bb_row\" ><div  class=\"bt_bb_column col-xl-12 bt_bb_align_left bt_bb_vertical_align_top bt_bb_animation_fade_in animate bt_bb_padding_normal\"  data-width=\"12\" data-bt-override-class=\"{}\"><div class=\"bt_bb_column_content\"><div class=\"bt_bb_column_content_inner\"><div class=\"bt_bb_separator bt_bb_bottom_spacing_large bt_bb_border_style_none\"><\/div><header class=\"bt_bb_headline bt_bb_dash_none bt_bb_size_large bt_bb_align_inherit\" data-bt-override-class=\"{&quot;bt_bb_size_&quot;:{&quot;current_class&quot;:&quot;bt_bb_size_large&quot;,&quot;xl&quot;:&quot;large&quot;},&quot;bt_bb_align_&quot;:{&quot;current_class&quot;:&quot;bt_bb_align_inherit&quot;,&quot;xl&quot;:&quot;inherit&quot;}}\"><h3 class=\"bt_bb_headline_tag\"><span class=\"bt_bb_headline_content\"><span><u>Deposite AVM<\/u> <\/span><\/span><\/h3><\/header><\/div><\/div><\/div><\/div><\/div><\/div><\/div><\/div><\/section><section id=\"bt_bb_section69e2502be6eea\"  class=\"bt_bb_section bt_bb_top_spacing_normal bt_bb_bottom_spacing_normal bt_bb_layout_boxed_1200 bt_bb_vertical_align_top\" ><div class=\"bt_bb_port\"><div class=\"bt_bb_cell\"><div class=\"bt_bb_cell_inner\"><div class=\"bt_bb_row_wrapper\"><div  class=\"bt_bb_row\" ><div  class=\"bt_bb_column col-xl-12 bt_bb_align_left bt_bb_vertical_align_top bt_bb_padding_normal\"  data-width=\"12\" data-bt-override-class=\"{}\"><div class=\"bt_bb_column_content\"><div class=\"bt_bb_column_content_inner\"><div  class=\"bt_bb_text\" ><table>\n<tbody>\n<tr>\n<td width=\"168\"><strong>EMPLOYER<\/strong><\/td>\n<td width=\"446\">S\u0130NPA\u015e GAYR\u0130MENKUL YATIRIM ORTAKLI\u011eI A.\u015e.<\/td>\n<\/tr>\n<tr>\n<td width=\"168\"><strong>PROJECT<\/strong><\/td>\n<td width=\"446\">DEPOS\u0130TE AVM G\u00dc\u00c7LEND\u0130RME PROJES\u0130<\/p>\n<p>All concrete cutting and drilling works related to the superstructure, as well as the tasks of opening chemical anchor holes<\/td>\n<\/tr>\n<tr>\n<td width=\"168\"><b>STARTING DATE<\/b><\/td>\n<td width=\"446\">21.10.2015<\/td>\n<\/tr>\n<tr>\n<td width=\"168\"><b>FINISH DATE<\/b><\/td>\n<td width=\"446\">25.02.2016<\/td>\n<\/tr>\n<\/tbody>\n<\/table>\n<\/div><\/div><\/div><\/div><\/div><\/div><\/div><\/div><\/div><\/section><section id=\"bt_bb_section69e2502be744f\"  class=\"bt_bb_section bt_bb_layout_boxed_1200\" ><div class=\"bt_bb_port\"><div class=\"bt_bb_cell\"><div class=\"bt_bb_cell_inner\"><div class=\"bt_bb_row_wrapper\"><div  class=\"bt_bb_row\" ><div  class=\"bt_bb_column col-xl-12 bt_bb_align_left bt_bb_vertical_align_top bt_bb_padding_normal\"  data-width=\"12\" data-bt-override-class=\"{}\"><div class=\"bt_bb_column_content\"><div class=\"bt_bb_column_content_inner\"><div class=\"bt_bb_masonry_image_grid bt_bb_grid_container bt_bb_columns_3 bt_bb_gap_normal\" data-columns=\"3\"><div class=\"bt_bb_masonry_post_image_content\" data-columns=\"3\"><div class=\"bt_bb_grid_sizer\"><\/div><div class=\"bt_bb_grid_item bt_bb_tile_format11\" data-hw=\"0.75\" data-src=\"https:\/\/www.gundogdukarot.com.tr\/wp-content\/uploads\/2021\/02\/IMG_8085-640x480.jpg\" data-src-full=\"https:\/\/www.gundogdukarot.com.tr\/wp-content\/uploads\/2021\/02\/IMG_8085-scaled.jpg\" data-title=\"IMG_8085\"><div class=\"bt_bb_grid_item_inner\" data-hw=\"0.75\" ><div class=\"bt_bb_grid_item_inner_image\"><\/div><div class=\"bt_bb_grid_item_inner_content\"><\/div><\/div><\/div><div class=\"bt_bb_grid_item bt_bb_tile_format11\" data-hw=\"0.75\" data-src=\"https:\/\/www.gundogdukarot.com.tr\/wp-content\/uploads\/2021\/02\/IMG_8103-640x480.jpg\" data-src-full=\"https:\/\/www.gundogdukarot.com.tr\/wp-content\/uploads\/2021\/02\/IMG_8103-scaled.jpg\" data-title=\"IMG_8103\"><div class=\"bt_bb_grid_item_inner\" data-hw=\"0.75\" ><div class=\"bt_bb_grid_item_inner_image\"><\/div><div class=\"bt_bb_grid_item_inner_content\"><\/div><\/div><\/div><div class=\"bt_bb_grid_item bt_bb_tile_format11\" data-hw=\"1.3328125\" data-src=\"https:\/\/www.gundogdukarot.com.tr\/wp-content\/uploads\/2021\/02\/IMG_8124-640x853.jpg\" data-src-full=\"https:\/\/www.gundogdukarot.com.tr\/wp-content\/uploads\/2021\/02\/IMG_8124-scaled.jpg\" data-title=\"IMG_8124\"><div class=\"bt_bb_grid_item_inner\" data-hw=\"1.3328125\" ><div class=\"bt_bb_grid_item_inner_image\"><\/div><div class=\"bt_bb_grid_item_inner_content\"><\/div><\/div><\/div><div class=\"bt_bb_grid_item bt_bb_tile_format11\" data-hw=\"0.75\" data-src=\"https:\/\/www.gundogdukarot.com.tr\/wp-content\/uploads\/2021\/02\/IMG_8188-1-640x480.jpg\" data-src-full=\"https:\/\/www.gundogdukarot.com.tr\/wp-content\/uploads\/2021\/02\/IMG_8188-1-scaled.jpg\" data-title=\"IMG_8188\"><div class=\"bt_bb_grid_item_inner\" data-hw=\"0.75\" ><div class=\"bt_bb_grid_item_inner_image\"><\/div><div class=\"bt_bb_grid_item_inner_content\"><\/div><\/div><\/div><div class=\"bt_bb_grid_item bt_bb_tile_format11\" data-hw=\"0.75\" data-src=\"https:\/\/www.gundogdukarot.com.tr\/wp-content\/uploads\/2021\/02\/IMG_8192-640x480.jpg\" data-src-full=\"https:\/\/www.gundogdukarot.com.tr\/wp-content\/uploads\/2021\/02\/IMG_8192-scaled.jpg\" data-title=\"IMG_8192\"><div class=\"bt_bb_grid_item_inner\" data-hw=\"0.75\" ><div class=\"bt_bb_grid_item_inner_image\"><\/div><div class=\"bt_bb_grid_item_inner_content\"><\/div><\/div><\/div><div class=\"bt_bb_grid_item bt_bb_tile_format11\" data-hw=\"1.3328125\" data-src=\"https:\/\/www.gundogdukarot.com.tr\/wp-content\/uploads\/2021\/02\/IMG_8193-640x853.jpg\" data-src-full=\"https:\/\/www.gundogdukarot.com.tr\/wp-content\/uploads\/2021\/02\/IMG_8193-scaled.jpg\" data-title=\"IMG_8193\"><div class=\"bt_bb_grid_item_inner\" data-hw=\"1.3328125\" ><div class=\"bt_bb_grid_item_inner_image\"><\/div><div class=\"bt_bb_grid_item_inner_content\"><\/div><\/div><\/div><div class=\"bt_bb_grid_item bt_bb_tile_format11\" data-hw=\"0.75\" data-src=\"https:\/\/www.gundogdukarot.com.tr\/wp-content\/uploads\/2021\/02\/IMG_8197-1-640x480.jpg\" data-src-full=\"https:\/\/www.gundogdukarot.com.tr\/wp-content\/uploads\/2021\/02\/IMG_8197-1-scaled.jpg\" data-title=\"IMG_8197\"><div class=\"bt_bb_grid_item_inner\" data-hw=\"0.75\" ><div class=\"bt_bb_grid_item_inner_image\"><\/div><div class=\"bt_bb_grid_item_inner_content\"><\/div><\/div><\/div><div class=\"bt_bb_grid_item bt_bb_tile_format11\" data-hw=\"0.75\" data-src=\"https:\/\/www.gundogdukarot.com.tr\/wp-content\/uploads\/2021\/02\/IMG_8198-640x480.jpg\" data-src-full=\"https:\/\/www.gundogdukarot.com.tr\/wp-content\/uploads\/2021\/02\/IMG_8198-scaled.jpg\" data-title=\"IMG_8198\"><div class=\"bt_bb_grid_item_inner\" data-hw=\"0.75\" ><div class=\"bt_bb_grid_item_inner_image\"><\/div><div class=\"bt_bb_grid_item_inner_content\"><\/div><\/div><\/div><div class=\"bt_bb_grid_item bt_bb_tile_format11\" data-hw=\"1.3328125\" data-src=\"https:\/\/www.gundogdukarot.com.tr\/wp-content\/uploads\/2021\/02\/IMG_8203-640x853.jpg\" data-src-full=\"https:\/\/www.gundogdukarot.com.tr\/wp-content\/uploads\/2021\/02\/IMG_8203-scaled.jpg\" data-title=\"IMG_8203\"><div class=\"bt_bb_grid_item_inner\" data-hw=\"1.3328125\" ><div class=\"bt_bb_grid_item_inner_image\"><\/div><div class=\"bt_bb_grid_item_inner_content\"><\/div><\/div><\/div><div class=\"bt_bb_grid_item bt_bb_tile_format11\" data-hw=\"1.3328125\" data-src=\"https:\/\/www.gundogdukarot.com.tr\/wp-content\/uploads\/2021\/02\/IMG_8204-640x853.jpg\" data-src-full=\"https:\/\/www.gundogdukarot.com.tr\/wp-content\/uploads\/2021\/02\/IMG_8204-scaled.jpg\" data-title=\"IMG_8204\"><div class=\"bt_bb_grid_item_inner\" data-hw=\"1.3328125\" ><div class=\"bt_bb_grid_item_inner_image\"><\/div><div class=\"bt_bb_grid_item_inner_content\"><\/div><\/div><\/div><div class=\"bt_bb_grid_item bt_bb_tile_format11\" data-hw=\"0.75\" data-src=\"https:\/\/www.gundogdukarot.com.tr\/wp-content\/uploads\/2021\/02\/IMG_8672-640x480.jpg\" data-src-full=\"https:\/\/www.gundogdukarot.com.tr\/wp-content\/uploads\/2021\/02\/IMG_8672-scaled.jpg\" data-title=\"IMG_8672\"><div class=\"bt_bb_grid_item_inner\" data-hw=\"0.75\" ><div class=\"bt_bb_grid_item_inner_image\"><\/div><div class=\"bt_bb_grid_item_inner_content\"><\/div><\/div><\/div><div class=\"bt_bb_grid_item bt_bb_tile_format11\" data-hw=\"0.75\" data-src=\"https:\/\/www.gundogdukarot.com.tr\/wp-content\/uploads\/2021\/02\/IMG_8673-640x480.jpg\" data-src-full=\"https:\/\/www.gundogdukarot.com.tr\/wp-content\/uploads\/2021\/02\/IMG_8673-scaled.jpg\" data-title=\"IMG_8673\"><div class=\"bt_bb_grid_item_inner\" data-hw=\"0.75\" ><div class=\"bt_bb_grid_item_inner_image\"><\/div><div class=\"bt_bb_grid_item_inner_content\"><\/div><\/div><\/div><div class=\"bt_bb_grid_item bt_bb_tile_format11\" data-hw=\"0.75\" data-src=\"https:\/\/www.gundogdukarot.com.tr\/wp-content\/uploads\/2021\/02\/IMG_8674-640x480.jpg\" data-src-full=\"https:\/\/www.gundogdukarot.com.tr\/wp-content\/uploads\/2021\/02\/IMG_8674-scaled.jpg\" data-title=\"IMG_8674\"><div class=\"bt_bb_grid_item_inner\" data-hw=\"0.75\" ><div class=\"bt_bb_grid_item_inner_image\"><\/div><div class=\"bt_bb_grid_item_inner_content\"><\/div><\/div><\/div><div class=\"bt_bb_grid_item bt_bb_tile_format11\" data-hw=\"0.75\" data-src=\"https:\/\/www.gundogdukarot.com.tr\/wp-content\/uploads\/2021\/02\/IMG_8675-640x480.jpg\" data-src-full=\"https:\/\/www.gundogdukarot.com.tr\/wp-content\/uploads\/2021\/02\/IMG_8675-scaled.jpg\" data-title=\"IMG_8675\"><div class=\"bt_bb_grid_item_inner\" data-hw=\"0.75\" ><div class=\"bt_bb_grid_item_inner_image\"><\/div><div class=\"bt_bb_grid_item_inner_content\"><\/div><\/div><\/div><div class=\"bt_bb_grid_item bt_bb_tile_format11\" data-hw=\"0.75\" data-src=\"https:\/\/www.gundogdukarot.com.tr\/wp-content\/uploads\/2021\/02\/IMG_8681-640x480.jpg\" data-src-full=\"https:\/\/www.gundogdukarot.com.tr\/wp-content\/uploads\/2021\/02\/IMG_8681-scaled.jpg\" data-title=\"IMG_8681\"><div class=\"bt_bb_grid_item_inner\" data-hw=\"0.75\" ><div class=\"bt_bb_grid_item_inner_image\"><\/div><div class=\"bt_bb_grid_item_inner_content\"><\/div><\/div><\/div><div class=\"bt_bb_grid_item bt_bb_tile_format11\" data-hw=\"0.75\" data-src=\"https:\/\/www.gundogdukarot.com.tr\/wp-content\/uploads\/2021\/02\/IMG_8683-1-640x480.jpg\" data-src-full=\"https:\/\/www.gundogdukarot.com.tr\/wp-content\/uploads\/2021\/02\/IMG_8683-1-scaled.jpg\" data-title=\"IMG_8683\"><div class=\"bt_bb_grid_item_inner\" data-hw=\"0.75\" ><div class=\"bt_bb_grid_item_inner_image\"><\/div><div class=\"bt_bb_grid_item_inner_content\"><\/div><\/div><\/div><\/div><\/div><\/div><\/div><\/div><\/div><\/div><\/div><\/div><\/div><\/section><\/div>","protected":false},"excerpt":{"rendered":"<p>Synergistically evolve 2.0 technologies rather than just in time initiatives. Quickly deploy strategic networks with compelling e-business. Credibly pontificate highly efficient manufactured products and enabled data.<\/p>\n","protected":false},"author":1,"featured_media":0,"parent":0,"menu_order":0,"comment_status":"closed","ping_status":"closed","template":"","meta":[],"_links":{"self":[{"href":"https:\/\/www.gundogdukarot.com.tr\/en\/wp-json\/wp\/v2\/pages\/2625"}],"collection":[{"href":"https:\/\/www.gundogdukarot.com.tr\/en\/wp-json\/wp\/v2\/pages"}],"about":[{"href":"https:\/\/www.gundogdukarot.com.tr\/en\/wp-json\/wp\/v2\/types\/page"}],"author":[{"embeddable":true,"href":"https:\/\/www.gundogdukarot.com.tr\/en\/wp-json\/wp\/v2\/users\/1"}],"replies":[{"embeddable":true,"href":"https:\/\/www.gundogdukarot.com.tr\/en\/wp-json\/wp\/v2\/comments?post=2625"}],"version-history":[{"count":1,"href":"https:\/\/www.gundogdukarot.com.tr\/en\/wp-json\/wp\/v2\/pages\/2625\/revisions"}],"predecessor-version":[{"id":2626,"href":"https:\/\/www.gundogdukarot.com.tr\/en\/wp-json\/wp\/v2\/pages\/2625\/revisions\/2626"}],"wp:attachment":[{"href":"https:\/\/www.gundogdukarot.com.tr\/en\/wp-json\/wp\/v2\/media?parent=2625"}],"curies":[{"name":"wp","href":"https:\/\/api.w.org\/{rel}","templated":true}]}}