{"id":2634,"date":"2021-02-10T13:57:56","date_gmt":"2021-02-10T13:57:56","guid":{"rendered":"https:\/\/www.gundogdukarot.com.tr\/iga-havalimanlari-ins-adi-ort-tic-isletmesi\/"},"modified":"2023-05-12T10:09:59","modified_gmt":"2023-05-12T10:09:59","slug":"iga-havalimanlari-ins-adi-ort-tic-isletmesi","status":"publish","type":"page","link":"https:\/\/www.gundogdukarot.com.tr\/en\/iga-havalimanlari-ins-adi-ort-tic-isletmesi\/","title":{"rendered":"\u0130GA HAVAL\u0130MANLARI \u0130N\u015e. AD\u0130 ORT. T\u0130C. \u0130\u015eLETMES\u0130"},"content":{"rendered":"<div class=\"bt_bb_wrapper\"><section id=\"bt_bb_section69e2431811e98\" data-parallax=\"0.6\" data-parallax-offset=\"0\" data-background_image_src=\"'https:\/\/www.gundogdukarot.com.tr\/wp-content\/uploads\/2021\/02\/iga.jpg'\" class=\"bt_bb_section bt_bb_top_spacing_large bt_bb_bottom_spacing_extra_large bt_bb_color_scheme_1 bt_bb_layout_boxed_1200 bt_bb_vertical_align_top bt_bb_parallax btLazyLoadBackground bt_bb_background_image bt_bb_background_overlay_dark_stripes\" style=\"background-image:url(&#039;https:\/\/www.gundogdukarot.com.tr\/wp-content\/plugins\/bold-page-builder\/img\/blank.gif&#039;);;background-color:#3d3d3d;\"><div class=\"bt_bb_port\"><div class=\"bt_bb_cell\"><div class=\"bt_bb_cell_inner\"><div class=\"bt_bb_row_wrapper\"><div  class=\"bt_bb_row\" ><div  class=\"bt_bb_column col-xl-12 bt_bb_align_left bt_bb_vertical_align_top bt_bb_animation_fade_in animate bt_bb_padding_normal\"  data-width=\"12\" data-bt-override-class=\"{}\"><div class=\"bt_bb_column_content\"><div class=\"bt_bb_column_content_inner\"><div class=\"bt_bb_separator bt_bb_bottom_spacing_large bt_bb_border_style_none\"><\/div><header class=\"bt_bb_headline bt_bb_dash_none bt_bb_size_large bt_bb_align_inherit\" data-bt-override-class=\"{&quot;bt_bb_size_&quot;:{&quot;current_class&quot;:&quot;bt_bb_size_large&quot;,&quot;xl&quot;:&quot;large&quot;},&quot;bt_bb_align_&quot;:{&quot;current_class&quot;:&quot;bt_bb_align_inherit&quot;,&quot;xl&quot;:&quot;inherit&quot;}}\"><h3 class=\"bt_bb_headline_tag\"><span class=\"bt_bb_headline_content\"><span><u>New Airport Project<\/u><\/span><\/span><\/h3><\/header><\/div><\/div><\/div><\/div><\/div><\/div><\/div><\/div><\/section><section id=\"bt_bb_section69e2431812165\"  class=\"bt_bb_section bt_bb_top_spacing_normal bt_bb_bottom_spacing_normal bt_bb_layout_boxed_1200 bt_bb_vertical_align_top\" ><div class=\"bt_bb_port\"><div class=\"bt_bb_cell\"><div class=\"bt_bb_cell_inner\"><div class=\"bt_bb_row_wrapper\"><div  class=\"bt_bb_row\" ><div  class=\"bt_bb_column col-xl-12 bt_bb_align_left bt_bb_vertical_align_top bt_bb_padding_normal\"  data-width=\"12\" data-bt-override-class=\"{}\"><div class=\"bt_bb_column_content\"><div class=\"bt_bb_column_content_inner\"><div  class=\"bt_bb_text\" ><table>\n<tbody>\n<tr>\n<td width=\"158\"><strong>EMPLOYER<\/strong><\/td>\n<td width=\"456\">\u0130GA HAVAL\u0130MANLARI \u0130N\u015e. AD\u0130 ORT. T\u0130C.\u00a0 \u0130\u015eLETMES\u0130<\/td>\n<\/tr>\n<tr>\n<td width=\"158\"><strong>PROJECT<\/strong><\/td>\n<td width=\"456\">NEW AIRPORT PROJECT<\/p>\n<p>All concrete cutting and drilling works related to the superstructure, as well as the tasks of opening chemical anchor holes<\/td>\n<\/tr>\n<tr>\n<td width=\"158\"><b>STARTING DATE<\/b><\/td>\n<td width=\"456\">10.02.2018<\/td>\n<\/tr>\n<tr>\n<td width=\"158\"><b>FINISH DATE<\/b><\/td>\n<td width=\"456\">Devam Ediyor<\/td>\n<\/tr>\n<\/tbody>\n<\/table>\n<\/div><\/div><\/div><\/div><\/div><\/div><\/div><\/div><\/div><\/section><section id=\"bt_bb_section69e24318126c0\"  class=\"bt_bb_section bt_bb_layout_boxed_1200\" ><div class=\"bt_bb_port\"><div class=\"bt_bb_cell\"><div class=\"bt_bb_cell_inner\"><div class=\"bt_bb_row_wrapper\"><div  class=\"bt_bb_row\" ><div  class=\"bt_bb_column col-xl-12 bt_bb_align_left bt_bb_vertical_align_top bt_bb_padding_normal\"  data-width=\"12\" data-bt-override-class=\"{}\"><div class=\"bt_bb_column_content\"><div class=\"bt_bb_column_content_inner\"><div class=\"bt_bb_masonry_image_grid bt_bb_grid_container bt_bb_columns_3 bt_bb_gap_normal\" data-columns=\"3\"><div class=\"bt_bb_masonry_post_image_content\" data-columns=\"3\"><div class=\"bt_bb_grid_sizer\"><\/div><div class=\"bt_bb_grid_item bt_bb_tile_format11\" data-hw=\"1.3328125\" data-src=\"https:\/\/www.gundogdukarot.com.tr\/wp-content\/uploads\/2021\/02\/WhatsApp-Image-2020-12-24-at-11.20.31-640x853.jpeg\" data-src-full=\"https:\/\/www.gundogdukarot.com.tr\/wp-content\/uploads\/2021\/02\/WhatsApp-Image-2020-12-24-at-11.20.31.jpeg\" data-title=\"WhatsApp Image 2020-12-24 at 11.20.31\"><div class=\"bt_bb_grid_item_inner\" data-hw=\"1.3328125\" ><div class=\"bt_bb_grid_item_inner_image\"><\/div><div class=\"bt_bb_grid_item_inner_content\"><\/div><\/div><\/div><div class=\"bt_bb_grid_item bt_bb_tile_format11\" data-hw=\"1\" data-src=\"https:\/\/www.gundogdukarot.com.tr\/wp-content\/uploads\/2021\/02\/WhatsApp-Image-2020-12-24-at-11.20.31-5-640x640.jpeg\" data-src-full=\"https:\/\/www.gundogdukarot.com.tr\/wp-content\/uploads\/2021\/02\/WhatsApp-Image-2020-12-24-at-11.20.31-5.jpeg\" data-title=\"WhatsApp Image 2020-12-24 at 11.20.31 (5)\"><div class=\"bt_bb_grid_item_inner\" data-hw=\"1\" ><div class=\"bt_bb_grid_item_inner_image\"><\/div><div class=\"bt_bb_grid_item_inner_content\"><\/div><\/div><\/div><div class=\"bt_bb_grid_item bt_bb_tile_format11\" data-hw=\"0.746875\" data-src=\"https:\/\/www.gundogdukarot.com.tr\/wp-content\/uploads\/2021\/02\/KAPAK-1-640x478.jpg\" data-src-full=\"https:\/\/www.gundogdukarot.com.tr\/wp-content\/uploads\/2021\/02\/KAPAK-1.jpg\" data-title=\"2019-home-1\"><div class=\"bt_bb_grid_item_inner\" data-hw=\"0.746875\" ><div class=\"bt_bb_grid_item_inner_image\"><\/div><div class=\"bt_bb_grid_item_inner_content\"><\/div><\/div><\/div><\/div><\/div><\/div><\/div><\/div><\/div><\/div><\/div><\/div><\/div><\/section><\/div>","protected":false},"excerpt":{"rendered":"<p>Synergistically evolve 2.0 technologies rather than just in time initiatives. Quickly deploy strategic networks with compelling e-business. Credibly pontificate highly efficient manufactured products and enabled data.<\/p>\n","protected":false},"author":1,"featured_media":0,"parent":0,"menu_order":0,"comment_status":"closed","ping_status":"closed","template":"","meta":[],"_links":{"self":[{"href":"https:\/\/www.gundogdukarot.com.tr\/en\/wp-json\/wp\/v2\/pages\/2634"}],"collection":[{"href":"https:\/\/www.gundogdukarot.com.tr\/en\/wp-json\/wp\/v2\/pages"}],"about":[{"href":"https:\/\/www.gundogdukarot.com.tr\/en\/wp-json\/wp\/v2\/types\/page"}],"author":[{"embeddable":true,"href":"https:\/\/www.gundogdukarot.com.tr\/en\/wp-json\/wp\/v2\/users\/1"}],"replies":[{"embeddable":true,"href":"https:\/\/www.gundogdukarot.com.tr\/en\/wp-json\/wp\/v2\/comments?post=2634"}],"version-history":[{"count":1,"href":"https:\/\/www.gundogdukarot.com.tr\/en\/wp-json\/wp\/v2\/pages\/2634\/revisions"}],"predecessor-version":[{"id":2635,"href":"https:\/\/www.gundogdukarot.com.tr\/en\/wp-json\/wp\/v2\/pages\/2634\/revisions\/2635"}],"wp:attachment":[{"href":"https:\/\/www.gundogdukarot.com.tr\/en\/wp-json\/wp\/v2\/media?parent=2634"}],"curies":[{"name":"wp","href":"https:\/\/api.w.org\/{rel}","templated":true}]}}