{"id":2655,"date":"2021-02-24T11:36:25","date_gmt":"2021-02-24T11:36:25","guid":{"rendered":"https:\/\/www.gundogdukarot.com.tr\/nuhun-gemisi-hotel-cratos-hotel-merit-royal-hotel\/"},"modified":"2023-05-12T11:09:15","modified_gmt":"2023-05-12T11:09:15","slug":"nuhun-gemisi-hotel-cratos-hotel-merit-royal-hotel","status":"publish","type":"page","link":"https:\/\/www.gundogdukarot.com.tr\/en\/nuhun-gemisi-hotel-cratos-hotel-merit-royal-hotel\/","title":{"rendered":"NUHUN GEM\u0130S\u0130 HOTEL, CRATOS HOTEL, MER\u0130T ROYAL HOTEL"},"content":{"rendered":"<div class=\"bt_bb_wrapper\"><section id=\"bt_bb_section69e24024a3d8f\" data-parallax=\"0.6\" data-parallax-offset=\"0\" data-background_image_src=\"'https:\/\/www.gundogdukarot.com.tr\/wp-content\/uploads\/2021\/02\/Kapak-Resmi-9.jpg'\" class=\"bt_bb_section bt_bb_top_spacing_large bt_bb_bottom_spacing_extra_large bt_bb_color_scheme_1 bt_bb_layout_boxed_1200 bt_bb_vertical_align_top bt_bb_parallax btLazyLoadBackground bt_bb_background_image bt_bb_background_overlay_dark_stripes\" style=\"background-image:url(&#039;https:\/\/www.gundogdukarot.com.tr\/wp-content\/plugins\/bold-page-builder\/img\/blank.gif&#039;);;background-color:#3d3d3d;\"><div class=\"bt_bb_port\"><div class=\"bt_bb_cell\"><div class=\"bt_bb_cell_inner\"><div class=\"bt_bb_row_wrapper\"><div  class=\"bt_bb_row\" ><div  class=\"bt_bb_column col-xl-12 bt_bb_align_left bt_bb_vertical_align_top bt_bb_animation_fade_in animate bt_bb_padding_normal\"  data-width=\"12\" data-bt-override-class=\"{}\"><div class=\"bt_bb_column_content\"><div class=\"bt_bb_column_content_inner\"><div class=\"bt_bb_separator bt_bb_bottom_spacing_large bt_bb_border_style_none\"><\/div><header class=\"bt_bb_headline bt_bb_dash_none bt_bb_size_large bt_bb_align_inherit\" data-bt-override-class=\"{&quot;bt_bb_size_&quot;:{&quot;current_class&quot;:&quot;bt_bb_size_large&quot;,&quot;xl&quot;:&quot;large&quot;},&quot;bt_bb_align_&quot;:{&quot;current_class&quot;:&quot;bt_bb_align_inherit&quot;,&quot;xl&quot;:&quot;inherit&quot;}}\"><h3 class=\"bt_bb_headline_tag\"><span class=\"bt_bb_headline_content\"><span><u>Nuhun Gemisi Hotel | Cratos Hotel | Merit Royal Hotel<\/u> <\/span><\/span><\/h3><\/header><\/div><\/div><\/div><\/div><\/div><\/div><\/div><\/div><\/section><section id=\"bt_bb_section69e24024a405b\"  class=\"bt_bb_section bt_bb_top_spacing_normal bt_bb_bottom_spacing_normal bt_bb_layout_boxed_1200 bt_bb_vertical_align_top\" ><div class=\"bt_bb_port\"><div class=\"bt_bb_cell\"><div class=\"bt_bb_cell_inner\"><div class=\"bt_bb_row_wrapper\"><div  class=\"bt_bb_row\" ><div  class=\"bt_bb_column col-xl-12 bt_bb_align_left bt_bb_vertical_align_top bt_bb_padding_normal\"  data-width=\"12\" data-bt-override-class=\"{}\"><div class=\"bt_bb_column_content\"><div class=\"bt_bb_column_content_inner\"><div  class=\"bt_bb_text\" ><table>\n<tbody>\n<tr>\n<td width=\"121\"><strong>EMPLOYER<\/strong><\/td>\n<td width=\"494\">KIBRIS PROJECTS<\/td>\n<\/tr>\n<tr>\n<td width=\"121\"><strong>PROJECT<\/strong><\/td>\n<td width=\"494\">NUHUN GEM\u0130S\u0130 HOTEL, CRATOS HOTEL, MER\u0130T ROYAL HOTEL<\/p>\n<p>All concrete cutting and drilling works related to the superstructure, as well as the tasks of opening chemical anchor holes<\/td>\n<\/tr>\n<\/tbody>\n<\/table>\n<\/div><\/div><\/div><\/div><\/div><\/div><\/div><\/div><\/div><\/section><section id=\"bt_bb_section69e24024a4505\"  class=\"bt_bb_section bt_bb_layout_boxed_1200\" ><div class=\"bt_bb_port\"><div class=\"bt_bb_cell\"><div class=\"bt_bb_cell_inner\"><div class=\"bt_bb_row_wrapper\"><div  class=\"bt_bb_row\" ><div  class=\"bt_bb_column col-xl-12 bt_bb_align_left bt_bb_vertical_align_top bt_bb_padding_normal\"  data-width=\"12\" data-bt-override-class=\"{}\"><div class=\"bt_bb_column_content\"><div class=\"bt_bb_column_content_inner\"><div class=\"bt_bb_masonry_image_grid bt_bb_grid_container bt_bb_columns_3 bt_bb_gap_normal\" data-columns=\"3\"><div class=\"bt_bb_masonry_post_image_content\" data-columns=\"3\"><div class=\"bt_bb_grid_sizer\"><\/div><div class=\"bt_bb_grid_item bt_bb_tile_format11\" data-hw=\"0.75\" data-src=\"https:\/\/www.gundogdukarot.com.tr\/wp-content\/uploads\/2021\/02\/kibris-resimler-017-640x480.jpg\" data-src-full=\"https:\/\/www.gundogdukarot.com.tr\/wp-content\/uploads\/2021\/02\/kibris-resimler-017-scaled.jpg\" data-title=\"k\u0131br\u0131s resimler 017\"><div class=\"bt_bb_grid_item_inner\" data-hw=\"0.75\" ><div class=\"bt_bb_grid_item_inner_image\"><\/div><div class=\"bt_bb_grid_item_inner_content\"><\/div><\/div><\/div><div class=\"bt_bb_grid_item bt_bb_tile_format11\" data-hw=\"0.75\" data-src=\"https:\/\/www.gundogdukarot.com.tr\/wp-content\/uploads\/2021\/02\/kibris-resimler-018-640x480.jpg\" data-src-full=\"https:\/\/www.gundogdukarot.com.tr\/wp-content\/uploads\/2021\/02\/kibris-resimler-018-scaled.jpg\" data-title=\"k\u0131br\u0131s resimler 018\"><div class=\"bt_bb_grid_item_inner\" data-hw=\"0.75\" ><div class=\"bt_bb_grid_item_inner_image\"><\/div><div class=\"bt_bb_grid_item_inner_content\"><\/div><\/div><\/div><div class=\"bt_bb_grid_item bt_bb_tile_format11\" data-hw=\"0.75\" data-src=\"https:\/\/www.gundogdukarot.com.tr\/wp-content\/uploads\/2021\/02\/kibris-resimler-019-640x480.jpg\" data-src-full=\"https:\/\/www.gundogdukarot.com.tr\/wp-content\/uploads\/2021\/02\/kibris-resimler-019-scaled.jpg\" data-title=\"k\u0131br\u0131s resimler 019\"><div class=\"bt_bb_grid_item_inner\" data-hw=\"0.75\" ><div class=\"bt_bb_grid_item_inner_image\"><\/div><div class=\"bt_bb_grid_item_inner_content\"><\/div><\/div><\/div><div class=\"bt_bb_grid_item bt_bb_tile_format11\" data-hw=\"0.75\" data-src=\"https:\/\/www.gundogdukarot.com.tr\/wp-content\/uploads\/2021\/02\/kibris-resimler-020-640x480.jpg\" data-src-full=\"https:\/\/www.gundogdukarot.com.tr\/wp-content\/uploads\/2021\/02\/kibris-resimler-020-scaled.jpg\" data-title=\"k\u0131br\u0131s resimler 020\"><div class=\"bt_bb_grid_item_inner\" data-hw=\"0.75\" ><div class=\"bt_bb_grid_item_inner_image\"><\/div><div class=\"bt_bb_grid_item_inner_content\"><\/div><\/div><\/div><div class=\"bt_bb_grid_item bt_bb_tile_format11\" data-hw=\"0.75\" data-src=\"https:\/\/www.gundogdukarot.com.tr\/wp-content\/uploads\/2021\/02\/kibris-resimler-021-640x480.jpg\" data-src-full=\"https:\/\/www.gundogdukarot.com.tr\/wp-content\/uploads\/2021\/02\/kibris-resimler-021-scaled.jpg\" data-title=\"k\u0131br\u0131s resimler 021\"><div class=\"bt_bb_grid_item_inner\" data-hw=\"0.75\" ><div class=\"bt_bb_grid_item_inner_image\"><\/div><div class=\"bt_bb_grid_item_inner_content\"><\/div><\/div><\/div><div class=\"bt_bb_grid_item bt_bb_tile_format11\" data-hw=\"0.75\" data-src=\"https:\/\/www.gundogdukarot.com.tr\/wp-content\/uploads\/2021\/02\/kibris-resimler-022-640x480.jpg\" data-src-full=\"https:\/\/www.gundogdukarot.com.tr\/wp-content\/uploads\/2021\/02\/kibris-resimler-022-scaled.jpg\" data-title=\"k\u0131br\u0131s resimler 022\"><div class=\"bt_bb_grid_item_inner\" data-hw=\"0.75\" ><div class=\"bt_bb_grid_item_inner_image\"><\/div><div class=\"bt_bb_grid_item_inner_content\"><\/div><\/div><\/div><div class=\"bt_bb_grid_item bt_bb_tile_format11\" data-hw=\"0.75\" data-src=\"https:\/\/www.gundogdukarot.com.tr\/wp-content\/uploads\/2021\/02\/kibris-resimler-024-640x480.jpg\" data-src-full=\"https:\/\/www.gundogdukarot.com.tr\/wp-content\/uploads\/2021\/02\/kibris-resimler-024-scaled.jpg\" data-title=\"k\u0131br\u0131s resimler 024\"><div class=\"bt_bb_grid_item_inner\" data-hw=\"0.75\" ><div class=\"bt_bb_grid_item_inner_image\"><\/div><div class=\"bt_bb_grid_item_inner_content\"><\/div><\/div><\/div><div class=\"bt_bb_grid_item bt_bb_tile_format11\" data-hw=\"0.75\" data-src=\"https:\/\/www.gundogdukarot.com.tr\/wp-content\/uploads\/2021\/02\/kibris-resimler-025-640x480.jpg\" data-src-full=\"https:\/\/www.gundogdukarot.com.tr\/wp-content\/uploads\/2021\/02\/kibris-resimler-025-scaled.jpg\" data-title=\"k\u0131br\u0131s resimler 025\"><div class=\"bt_bb_grid_item_inner\" data-hw=\"0.75\" ><div class=\"bt_bb_grid_item_inner_image\"><\/div><div class=\"bt_bb_grid_item_inner_content\"><\/div><\/div><\/div><div class=\"bt_bb_grid_item bt_bb_tile_format11\" data-hw=\"0.75\" data-src=\"https:\/\/www.gundogdukarot.com.tr\/wp-content\/uploads\/2021\/02\/kibris-resimler-026-640x480.jpg\" data-src-full=\"https:\/\/www.gundogdukarot.com.tr\/wp-content\/uploads\/2021\/02\/kibris-resimler-026-scaled.jpg\" data-title=\"k\u0131br\u0131s resimler 026\"><div class=\"bt_bb_grid_item_inner\" data-hw=\"0.75\" ><div class=\"bt_bb_grid_item_inner_image\"><\/div><div class=\"bt_bb_grid_item_inner_content\"><\/div><\/div><\/div><div class=\"bt_bb_grid_item bt_bb_tile_format11\" data-hw=\"0.75\" data-src=\"https:\/\/www.gundogdukarot.com.tr\/wp-content\/uploads\/2021\/02\/kibris-resimler-027-640x480.jpg\" data-src-full=\"https:\/\/www.gundogdukarot.com.tr\/wp-content\/uploads\/2021\/02\/kibris-resimler-027-scaled.jpg\" data-title=\"k\u0131br\u0131s resimler 027\"><div class=\"bt_bb_grid_item_inner\" data-hw=\"0.75\" ><div class=\"bt_bb_grid_item_inner_image\"><\/div><div class=\"bt_bb_grid_item_inner_content\"><\/div><\/div><\/div><div class=\"bt_bb_grid_item bt_bb_tile_format11\" data-hw=\"0.75\" data-src=\"https:\/\/www.gundogdukarot.com.tr\/wp-content\/uploads\/2021\/02\/kibris-resimler-028-640x480.jpg\" data-src-full=\"https:\/\/www.gundogdukarot.com.tr\/wp-content\/uploads\/2021\/02\/kibris-resimler-028-scaled.jpg\" data-title=\"k\u0131br\u0131s resimler 028\"><div class=\"bt_bb_grid_item_inner\" data-hw=\"0.75\" ><div class=\"bt_bb_grid_item_inner_image\"><\/div><div class=\"bt_bb_grid_item_inner_content\"><\/div><\/div><\/div><div class=\"bt_bb_grid_item bt_bb_tile_format11\" data-hw=\"0.75\" data-src=\"https:\/\/www.gundogdukarot.com.tr\/wp-content\/uploads\/2021\/02\/kibris-resimler-032-640x480.jpg\" data-src-full=\"https:\/\/www.gundogdukarot.com.tr\/wp-content\/uploads\/2021\/02\/kibris-resimler-032-scaled.jpg\" data-title=\"k\u0131br\u0131s resimler 032\"><div class=\"bt_bb_grid_item_inner\" data-hw=\"0.75\" ><div class=\"bt_bb_grid_item_inner_image\"><\/div><div class=\"bt_bb_grid_item_inner_content\"><\/div><\/div><\/div><div class=\"bt_bb_grid_item bt_bb_tile_format11\" data-hw=\"0.75\" data-src=\"https:\/\/www.gundogdukarot.com.tr\/wp-content\/uploads\/2021\/02\/kibris-resimler-033-640x480.jpg\" data-src-full=\"https:\/\/www.gundogdukarot.com.tr\/wp-content\/uploads\/2021\/02\/kibris-resimler-033-scaled.jpg\" data-title=\"k\u0131br\u0131s resimler 033\"><div class=\"bt_bb_grid_item_inner\" data-hw=\"0.75\" ><div class=\"bt_bb_grid_item_inner_image\"><\/div><div class=\"bt_bb_grid_item_inner_content\"><\/div><\/div><\/div><div class=\"bt_bb_grid_item bt_bb_tile_format11\" data-hw=\"0.75\" data-src=\"https:\/\/www.gundogdukarot.com.tr\/wp-content\/uploads\/2021\/02\/kibris-resimler-034-640x480.jpg\" data-src-full=\"https:\/\/www.gundogdukarot.com.tr\/wp-content\/uploads\/2021\/02\/kibris-resimler-034-scaled.jpg\" data-title=\"k\u0131br\u0131s resimler 034\"><div class=\"bt_bb_grid_item_inner\" data-hw=\"0.75\" ><div class=\"bt_bb_grid_item_inner_image\"><\/div><div class=\"bt_bb_grid_item_inner_content\"><\/div><\/div><\/div><div class=\"bt_bb_grid_item bt_bb_tile_format11\" data-hw=\"0.75\" data-src=\"https:\/\/www.gundogdukarot.com.tr\/wp-content\/uploads\/2021\/02\/kibris-resimler-035-640x480.jpg\" data-src-full=\"https:\/\/www.gundogdukarot.com.tr\/wp-content\/uploads\/2021\/02\/kibris-resimler-035-scaled.jpg\" data-title=\"k\u0131br\u0131s resimler 035\"><div class=\"bt_bb_grid_item_inner\" data-hw=\"0.75\" ><div class=\"bt_bb_grid_item_inner_image\"><\/div><div class=\"bt_bb_grid_item_inner_content\"><\/div><\/div><\/div><div class=\"bt_bb_grid_item bt_bb_tile_format11\" data-hw=\"0.75\" data-src=\"https:\/\/www.gundogdukarot.com.tr\/wp-content\/uploads\/2021\/02\/kibris-resimler-039-640x480.jpg\" data-src-full=\"https:\/\/www.gundogdukarot.com.tr\/wp-content\/uploads\/2021\/02\/kibris-resimler-039-scaled.jpg\" data-title=\"k\u0131br\u0131s resimler 039\"><div class=\"bt_bb_grid_item_inner\" data-hw=\"0.75\" ><div class=\"bt_bb_grid_item_inner_image\"><\/div><div class=\"bt_bb_grid_item_inner_content\"><\/div><\/div><\/div><div class=\"bt_bb_grid_item bt_bb_tile_format11\" data-hw=\"0.75\" data-src=\"https:\/\/www.gundogdukarot.com.tr\/wp-content\/uploads\/2021\/02\/kibris-resimler-040-640x480.jpg\" data-src-full=\"https:\/\/www.gundogdukarot.com.tr\/wp-content\/uploads\/2021\/02\/kibris-resimler-040-scaled.jpg\" data-title=\"k\u0131br\u0131s resimler 040\"><div class=\"bt_bb_grid_item_inner\" data-hw=\"0.75\" ><div class=\"bt_bb_grid_item_inner_image\"><\/div><div class=\"bt_bb_grid_item_inner_content\"><\/div><\/div><\/div><div class=\"bt_bb_grid_item bt_bb_tile_format11\" data-hw=\"0.75\" data-src=\"https:\/\/www.gundogdukarot.com.tr\/wp-content\/uploads\/2021\/02\/kibris-resimler-041-640x480.jpg\" data-src-full=\"https:\/\/www.gundogdukarot.com.tr\/wp-content\/uploads\/2021\/02\/kibris-resimler-041-scaled.jpg\" data-title=\"k\u0131br\u0131s resimler 041\"><div class=\"bt_bb_grid_item_inner\" data-hw=\"0.75\" ><div class=\"bt_bb_grid_item_inner_image\"><\/div><div class=\"bt_bb_grid_item_inner_content\"><\/div><\/div><\/div><div class=\"bt_bb_grid_item bt_bb_tile_format11\" data-hw=\"0.75\" data-src=\"https:\/\/www.gundogdukarot.com.tr\/wp-content\/uploads\/2021\/02\/kibris-resimler-043-640x480.jpg\" data-src-full=\"https:\/\/www.gundogdukarot.com.tr\/wp-content\/uploads\/2021\/02\/kibris-resimler-043-scaled.jpg\" data-title=\"k\u0131br\u0131s resimler 043\"><div class=\"bt_bb_grid_item_inner\" data-hw=\"0.75\" ><div class=\"bt_bb_grid_item_inner_image\"><\/div><div class=\"bt_bb_grid_item_inner_content\"><\/div><\/div><\/div><div class=\"bt_bb_grid_item bt_bb_tile_format11\" data-hw=\"0.75\" data-src=\"https:\/\/www.gundogdukarot.com.tr\/wp-content\/uploads\/2021\/02\/kibris-resimler-045-640x480.jpg\" data-src-full=\"https:\/\/www.gundogdukarot.com.tr\/wp-content\/uploads\/2021\/02\/kibris-resimler-045-scaled.jpg\" data-title=\"k\u0131br\u0131s resimler 045\"><div class=\"bt_bb_grid_item_inner\" data-hw=\"0.75\" ><div class=\"bt_bb_grid_item_inner_image\"><\/div><div class=\"bt_bb_grid_item_inner_content\"><\/div><\/div><\/div><div class=\"bt_bb_grid_item bt_bb_tile_format11\" data-hw=\"0.75\" data-src=\"https:\/\/www.gundogdukarot.com.tr\/wp-content\/uploads\/2021\/02\/kibris-resimler-053-640x480.jpg\" data-src-full=\"https:\/\/www.gundogdukarot.com.tr\/wp-content\/uploads\/2021\/02\/kibris-resimler-053-scaled.jpg\" data-title=\"k\u0131br\u0131s resimler 053\"><div class=\"bt_bb_grid_item_inner\" data-hw=\"0.75\" ><div class=\"bt_bb_grid_item_inner_image\"><\/div><div class=\"bt_bb_grid_item_inner_content\"><\/div><\/div><\/div><div class=\"bt_bb_grid_item bt_bb_tile_format11\" data-hw=\"0.75\" data-src=\"https:\/\/www.gundogdukarot.com.tr\/wp-content\/uploads\/2021\/02\/kibris-resimler-055-640x480.jpg\" data-src-full=\"https:\/\/www.gundogdukarot.com.tr\/wp-content\/uploads\/2021\/02\/kibris-resimler-055-scaled.jpg\" data-title=\"k\u0131br\u0131s resimler 055\"><div class=\"bt_bb_grid_item_inner\" data-hw=\"0.75\" ><div class=\"bt_bb_grid_item_inner_image\"><\/div><div class=\"bt_bb_grid_item_inner_content\"><\/div><\/div><\/div><div class=\"bt_bb_grid_item bt_bb_tile_format11\" data-hw=\"0.75\" data-src=\"https:\/\/www.gundogdukarot.com.tr\/wp-content\/uploads\/2021\/02\/kibris-resimler-059-640x480.jpg\" data-src-full=\"https:\/\/www.gundogdukarot.com.tr\/wp-content\/uploads\/2021\/02\/kibris-resimler-059-scaled.jpg\" data-title=\"k\u0131br\u0131s resimler 059\"><div class=\"bt_bb_grid_item_inner\" data-hw=\"0.75\" ><div class=\"bt_bb_grid_item_inner_image\"><\/div><div class=\"bt_bb_grid_item_inner_content\"><\/div><\/div><\/div><div class=\"bt_bb_grid_item bt_bb_tile_format11\" data-hw=\"0.75\" data-src=\"https:\/\/www.gundogdukarot.com.tr\/wp-content\/uploads\/2021\/02\/kibris-resimler-061-640x480.jpg\" data-src-full=\"https:\/\/www.gundogdukarot.com.tr\/wp-content\/uploads\/2021\/02\/kibris-resimler-061-scaled.jpg\" data-title=\"k\u0131br\u0131s resimler 061\"><div class=\"bt_bb_grid_item_inner\" data-hw=\"0.75\" ><div class=\"bt_bb_grid_item_inner_image\"><\/div><div class=\"bt_bb_grid_item_inner_content\"><\/div><\/div><\/div><div class=\"bt_bb_grid_item bt_bb_tile_format11\" data-hw=\"0.75\" data-src=\"https:\/\/www.gundogdukarot.com.tr\/wp-content\/uploads\/2021\/02\/kibris-resimler-070-640x480.jpg\" data-src-full=\"https:\/\/www.gundogdukarot.com.tr\/wp-content\/uploads\/2021\/02\/kibris-resimler-070-scaled.jpg\" data-title=\"k\u0131br\u0131s resimler 070\"><div class=\"bt_bb_grid_item_inner\" data-hw=\"0.75\" ><div class=\"bt_bb_grid_item_inner_image\"><\/div><div class=\"bt_bb_grid_item_inner_content\"><\/div><\/div><\/div><\/div><\/div><\/div><\/div><\/div><\/div><\/div><\/div><\/div><\/div><\/section><\/div>","protected":false},"excerpt":{"rendered":"<p>Synergistically evolve 2.0 technologies rather than just in time initiatives. Quickly deploy strategic networks with compelling e-business. Credibly pontificate highly efficient manufactured products and enabled data.<\/p>\n","protected":false},"author":1,"featured_media":0,"parent":0,"menu_order":0,"comment_status":"closed","ping_status":"closed","template":"","meta":[],"_links":{"self":[{"href":"https:\/\/www.gundogdukarot.com.tr\/en\/wp-json\/wp\/v2\/pages\/2655"}],"collection":[{"href":"https:\/\/www.gundogdukarot.com.tr\/en\/wp-json\/wp\/v2\/pages"}],"about":[{"href":"https:\/\/www.gundogdukarot.com.tr\/en\/wp-json\/wp\/v2\/types\/page"}],"author":[{"embeddable":true,"href":"https:\/\/www.gundogdukarot.com.tr\/en\/wp-json\/wp\/v2\/users\/1"}],"replies":[{"embeddable":true,"href":"https:\/\/www.gundogdukarot.com.tr\/en\/wp-json\/wp\/v2\/comments?post=2655"}],"version-history":[{"count":1,"href":"https:\/\/www.gundogdukarot.com.tr\/en\/wp-json\/wp\/v2\/pages\/2655\/revisions"}],"predecessor-version":[{"id":2656,"href":"https:\/\/www.gundogdukarot.com.tr\/en\/wp-json\/wp\/v2\/pages\/2655\/revisions\/2656"}],"wp:attachment":[{"href":"https:\/\/www.gundogdukarot.com.tr\/en\/wp-json\/wp\/v2\/media?parent=2655"}],"curies":[{"name":"wp","href":"https:\/\/api.w.org\/{rel}","templated":true}]}}