{"id":2657,"date":"2021-02-10T13:06:02","date_gmt":"2021-02-10T13:06:02","guid":{"rendered":"https:\/\/www.gundogdukarot.com.tr\/ozak-yenigun-ziylan-adi-ortakligi\/"},"modified":"2023-05-12T11:10:49","modified_gmt":"2023-05-12T11:10:49","slug":"ozak-yenigun-ziylan-adi-ortakligi","status":"publish","type":"page","link":"https:\/\/www.gundogdukarot.com.tr\/en\/ozak-yenigun-ziylan-adi-ortakligi\/","title":{"rendered":"\u00d6ZAK-YEN\u0130G\u00dcN-Z\u0130YLAN AD\u0130 ORTAKLI\u011eI"},"content":{"rendered":"<div class=\"bt_bb_wrapper\"><section id=\"bt_bb_section69e2408a9da3b\" data-parallax=\"0.6\" data-parallax-offset=\"0\" data-background_image_src=\"'https:\/\/www.gundogdukarot.com.tr\/wp-content\/uploads\/2021\/02\/ozak-yenigun.jpg'\" class=\"bt_bb_section bt_bb_top_spacing_large bt_bb_bottom_spacing_extra_large bt_bb_color_scheme_1 bt_bb_layout_boxed_1200 bt_bb_vertical_align_top bt_bb_parallax btLazyLoadBackground bt_bb_background_image bt_bb_background_overlay_dark_stripes\" style=\"background-image:url(&#039;https:\/\/www.gundogdukarot.com.tr\/wp-content\/plugins\/bold-page-builder\/img\/blank.gif&#039;);;background-color:#3d3d3d;\"><div class=\"bt_bb_port\"><div class=\"bt_bb_cell\"><div class=\"bt_bb_cell_inner\"><div class=\"bt_bb_row_wrapper\"><div  class=\"bt_bb_row\" ><div  class=\"bt_bb_column col-xl-12 bt_bb_align_left bt_bb_vertical_align_top bt_bb_animation_fade_in animate bt_bb_padding_normal\"  data-width=\"12\" data-bt-override-class=\"{}\"><div class=\"bt_bb_column_content\"><div class=\"bt_bb_column_content_inner\"><div class=\"bt_bb_separator bt_bb_bottom_spacing_large bt_bb_border_style_none\"><\/div><header class=\"bt_bb_headline bt_bb_dash_none bt_bb_size_large bt_bb_align_inherit\" data-bt-override-class=\"{&quot;bt_bb_size_&quot;:{&quot;current_class&quot;:&quot;bt_bb_size_large&quot;,&quot;xl&quot;:&quot;large&quot;},&quot;bt_bb_align_&quot;:{&quot;current_class&quot;:&quot;bt_bb_align_inherit&quot;,&quot;xl&quot;:&quot;inherit&quot;}}\"><h3 class=\"bt_bb_headline_tag\"><span class=\"bt_bb_headline_content\"><span><u>B\u00fcy\u00fckyal\u0131<\/u> Project<\/span><\/span><\/h3><\/header><\/div><\/div><\/div><\/div><\/div><\/div><\/div><\/div><\/section><section id=\"bt_bb_section69e2408a9dd68\"  class=\"bt_bb_section bt_bb_top_spacing_normal bt_bb_bottom_spacing_normal bt_bb_layout_boxed_1200 bt_bb_vertical_align_top\" ><div class=\"bt_bb_port\"><div class=\"bt_bb_cell\"><div class=\"bt_bb_cell_inner\"><div class=\"bt_bb_row_wrapper\"><div  class=\"bt_bb_row\" ><div  class=\"bt_bb_column col-xl-12 bt_bb_align_left bt_bb_vertical_align_top bt_bb_padding_normal\"  data-width=\"12\" data-bt-override-class=\"{}\"><div class=\"bt_bb_column_content\"><div class=\"bt_bb_column_content_inner\"><div  class=\"bt_bb_text\" ><table>\n<tbody>\n<tr>\n<td width=\"158\"><strong>EMPLOYER<\/strong><\/td>\n<td width=\"456\">\u00d6ZAK-YEN\u0130G\u00dcN-Z\u0130YLAN AD\u0130 ORTAKLI\u011eI<\/td>\n<\/tr>\n<tr>\n<td width=\"158\"><strong>PROJECT<\/strong><\/td>\n<td width=\"456\">B\u00dcY\u00dcKYALI PROJECT<\/p>\n<p>All concrete cutting and drilling works related to the superstructure, as well as the tasks of opening chemical anchor holes<\/td>\n<\/tr>\n<tr>\n<td width=\"158\"><b>STARTING DATE<\/b><\/td>\n<td width=\"456\">20.02.2017<\/td>\n<\/tr>\n<tr>\n<td width=\"158\"><b>FINISH DATE<\/b><\/td>\n<td width=\"456\"><\/td>\n<\/tr>\n<\/tbody>\n<\/table>\n<\/div><\/div><\/div><\/div><\/div><\/div><\/div><\/div><\/div><\/section><section id=\"bt_bb_section69e2408a9e541\"  class=\"bt_bb_section bt_bb_layout_boxed_1200\" ><div class=\"bt_bb_port\"><div class=\"bt_bb_cell\"><div class=\"bt_bb_cell_inner\"><div class=\"bt_bb_row_wrapper\"><div  class=\"bt_bb_row\" ><div  class=\"bt_bb_column col-xl-12 bt_bb_align_left bt_bb_vertical_align_top bt_bb_padding_normal\"  data-width=\"12\" data-bt-override-class=\"{}\"><div class=\"bt_bb_column_content\"><div class=\"bt_bb_column_content_inner\"><div class=\"bt_bb_masonry_image_grid bt_bb_grid_container bt_bb_columns_3 bt_bb_gap_normal\" data-columns=\"3\"><div class=\"bt_bb_masonry_post_image_content\" data-columns=\"3\"><div class=\"bt_bb_grid_sizer\"><\/div><div class=\"bt_bb_grid_item bt_bb_tile_format11\" data-hw=\"0.5625\" data-src=\"https:\/\/www.gundogdukarot.com.tr\/wp-content\/uploads\/2021\/02\/KAPAK-RESMI-1-640x360.jpg\" data-src-full=\"https:\/\/www.gundogdukarot.com.tr\/wp-content\/uploads\/2021\/02\/KAPAK-RESMI-1.jpg\" data-title=\"KAPAK RESM\u0130\"><div class=\"bt_bb_grid_item_inner\" data-hw=\"0.5625\" ><div class=\"bt_bb_grid_item_inner_image\"><\/div><div class=\"bt_bb_grid_item_inner_content\"><\/div><\/div><\/div><div class=\"bt_bb_grid_item bt_bb_tile_format11\" data-hw=\"0.75\" data-src=\"https:\/\/www.gundogdukarot.com.tr\/wp-content\/uploads\/2021\/02\/IMG_7856-640x480.jpg\" data-src-full=\"https:\/\/www.gundogdukarot.com.tr\/wp-content\/uploads\/2021\/02\/IMG_7856-scaled.jpg\" data-title=\"IMG_7856\"><div class=\"bt_bb_grid_item_inner\" data-hw=\"0.75\" ><div class=\"bt_bb_grid_item_inner_image\"><\/div><div class=\"bt_bb_grid_item_inner_content\"><\/div><\/div><\/div><div class=\"bt_bb_grid_item bt_bb_tile_format11\" data-hw=\"0.75\" data-src=\"https:\/\/www.gundogdukarot.com.tr\/wp-content\/uploads\/2021\/02\/IMG_7852-640x480.jpg\" data-src-full=\"https:\/\/www.gundogdukarot.com.tr\/wp-content\/uploads\/2021\/02\/IMG_7852-scaled.jpg\" data-title=\"IMG_7852\"><div class=\"bt_bb_grid_item_inner\" data-hw=\"0.75\" ><div class=\"bt_bb_grid_item_inner_image\"><\/div><div class=\"bt_bb_grid_item_inner_content\"><\/div><\/div><\/div><div class=\"bt_bb_grid_item bt_bb_tile_format11\" data-hw=\"0.75\" data-src=\"https:\/\/www.gundogdukarot.com.tr\/wp-content\/uploads\/2021\/02\/IMG_1876-640x480.jpg\" data-src-full=\"https:\/\/www.gundogdukarot.com.tr\/wp-content\/uploads\/2021\/02\/IMG_1876-scaled.jpg\" data-title=\"IMG_1876\"><div class=\"bt_bb_grid_item_inner\" data-hw=\"0.75\" ><div class=\"bt_bb_grid_item_inner_image\"><\/div><div class=\"bt_bb_grid_item_inner_content\"><\/div><\/div><\/div><div class=\"bt_bb_grid_item bt_bb_tile_format11\" data-hw=\"0.75\" data-src=\"https:\/\/www.gundogdukarot.com.tr\/wp-content\/uploads\/2021\/02\/IMG_0942-640x480.jpg\" data-src-full=\"https:\/\/www.gundogdukarot.com.tr\/wp-content\/uploads\/2021\/02\/IMG_0942-scaled.jpg\" data-title=\"IMG_0942\"><div class=\"bt_bb_grid_item_inner\" data-hw=\"0.75\" ><div class=\"bt_bb_grid_item_inner_image\"><\/div><div class=\"bt_bb_grid_item_inner_content\"><\/div><\/div><\/div><div class=\"bt_bb_grid_item bt_bb_tile_format11\" data-hw=\"1.3328125\" data-src=\"https:\/\/www.gundogdukarot.com.tr\/wp-content\/uploads\/2021\/02\/IMG_0986-640x853.jpg\" data-src-full=\"https:\/\/www.gundogdukarot.com.tr\/wp-content\/uploads\/2021\/02\/IMG_0986-scaled.jpg\" data-title=\"IMG_0986\"><div class=\"bt_bb_grid_item_inner\" data-hw=\"1.3328125\" ><div class=\"bt_bb_grid_item_inner_image\"><\/div><div class=\"bt_bb_grid_item_inner_content\"><\/div><\/div><\/div><\/div><\/div><\/div><\/div><\/div><\/div><\/div><\/div><\/div><\/div><\/section><\/div>","protected":false},"excerpt":{"rendered":"","protected":false},"author":1,"featured_media":0,"parent":0,"menu_order":0,"comment_status":"closed","ping_status":"closed","template":"","meta":[],"_links":{"self":[{"href":"https:\/\/www.gundogdukarot.com.tr\/en\/wp-json\/wp\/v2\/pages\/2657"}],"collection":[{"href":"https:\/\/www.gundogdukarot.com.tr\/en\/wp-json\/wp\/v2\/pages"}],"about":[{"href":"https:\/\/www.gundogdukarot.com.tr\/en\/wp-json\/wp\/v2\/types\/page"}],"author":[{"embeddable":true,"href":"https:\/\/www.gundogdukarot.com.tr\/en\/wp-json\/wp\/v2\/users\/1"}],"replies":[{"embeddable":true,"href":"https:\/\/www.gundogdukarot.com.tr\/en\/wp-json\/wp\/v2\/comments?post=2657"}],"version-history":[{"count":2,"href":"https:\/\/www.gundogdukarot.com.tr\/en\/wp-json\/wp\/v2\/pages\/2657\/revisions"}],"predecessor-version":[{"id":2659,"href":"https:\/\/www.gundogdukarot.com.tr\/en\/wp-json\/wp\/v2\/pages\/2657\/revisions\/2659"}],"wp:attachment":[{"href":"https:\/\/www.gundogdukarot.com.tr\/en\/wp-json\/wp\/v2\/media?parent=2657"}],"curies":[{"name":"wp","href":"https:\/\/api.w.org\/{rel}","templated":true}]}}