{"id":2660,"date":"2021-02-24T10:50:06","date_gmt":"2021-02-24T10:50:06","guid":{"rendered":"https:\/\/www.gundogdukarot.com.tr\/skyland-projesi\/"},"modified":"2023-05-12T11:12:02","modified_gmt":"2023-05-12T11:12:02","slug":"skyland-projesi","status":"publish","type":"page","link":"https:\/\/www.gundogdukarot.com.tr\/en\/skyland-projesi\/","title":{"rendered":"SKYLAND PROJECT"},"content":{"rendered":"<div class=\"bt_bb_wrapper\"><section id=\"bt_bb_section69e23abd38d76\" data-parallax=\"0.6\" data-parallax-offset=\"0\" data-background_image_src=\"'https:\/\/www.gundogdukarot.com.tr\/wp-content\/uploads\/2021\/02\/Kapak-Resmi-6.jpg'\" class=\"bt_bb_section bt_bb_top_spacing_large bt_bb_bottom_spacing_extra_large bt_bb_color_scheme_1 bt_bb_layout_boxed_1200 bt_bb_vertical_align_top bt_bb_parallax btLazyLoadBackground bt_bb_background_image bt_bb_background_overlay_dark_stripes\" style=\"background-image:url(&#039;https:\/\/www.gundogdukarot.com.tr\/wp-content\/plugins\/bold-page-builder\/img\/blank.gif&#039;);;background-color:#3d3d3d;\"><div class=\"bt_bb_port\"><div class=\"bt_bb_cell\"><div class=\"bt_bb_cell_inner\"><div class=\"bt_bb_row_wrapper\"><div  class=\"bt_bb_row\" ><div  class=\"bt_bb_column col-xl-12 bt_bb_align_left bt_bb_vertical_align_top bt_bb_animation_fade_in animate bt_bb_padding_normal\"  data-width=\"12\" data-bt-override-class=\"{}\"><div class=\"bt_bb_column_content\"><div class=\"bt_bb_column_content_inner\"><div class=\"bt_bb_separator bt_bb_bottom_spacing_large bt_bb_border_style_none\"><\/div><header class=\"bt_bb_headline bt_bb_dash_none bt_bb_size_large bt_bb_align_inherit\" data-bt-override-class=\"{&quot;bt_bb_size_&quot;:{&quot;current_class&quot;:&quot;bt_bb_size_large&quot;,&quot;xl&quot;:&quot;large&quot;},&quot;bt_bb_align_&quot;:{&quot;current_class&quot;:&quot;bt_bb_align_inherit&quot;,&quot;xl&quot;:&quot;inherit&quot;}}\"><h3 class=\"bt_bb_headline_tag\"><span class=\"bt_bb_headline_content\"><span><u>Skyland Project<\/u> <\/span><\/span><\/h3><\/header><\/div><\/div><\/div><\/div><\/div><\/div><\/div><\/div><\/section><section id=\"bt_bb_section69e23abd3903b\"  class=\"bt_bb_section bt_bb_top_spacing_normal bt_bb_bottom_spacing_normal bt_bb_layout_boxed_1200 bt_bb_vertical_align_top\" ><div class=\"bt_bb_port\"><div class=\"bt_bb_cell\"><div class=\"bt_bb_cell_inner\"><div class=\"bt_bb_row_wrapper\"><div  class=\"bt_bb_row\" ><div  class=\"bt_bb_column col-xl-12 bt_bb_align_left bt_bb_vertical_align_top bt_bb_padding_normal\"  data-width=\"12\" data-bt-override-class=\"{}\"><div class=\"bt_bb_column_content\"><div class=\"bt_bb_column_content_inner\"><div  class=\"bt_bb_text\" ><table>\n<tbody>\n<tr>\n<td width=\"149\"><strong>EMPLOYER<\/strong><\/td>\n<td width=\"465\">ERYAP M\u00dcHEND\u0130SL\u0130K \u0130N\u015e. TAAH. TUR. SAN. VE T\u0130C. A.\u015e.<\/td>\n<\/tr>\n<tr>\n<td width=\"149\"><strong>PROJECT<\/strong><\/td>\n<td width=\"465\">SKYLAND PROJES\u0130<\/p>\n<p>All concrete cutting and drilling works related to the superstructure, as well as the tasks of opening chemical anchor holes<\/td>\n<\/tr>\n<tr>\n<td width=\"149\"><b>STARTING DATE<\/b><\/td>\n<td width=\"465\">01.06.2016<\/td>\n<\/tr>\n<tr>\n<td width=\"149\"><b>FINISH DATE<\/b><\/td>\n<td width=\"465\">01.11.2017<\/td>\n<\/tr>\n<\/tbody>\n<\/table>\n<\/div><\/div><\/div><\/div><\/div><\/div><\/div><\/div><\/div><\/section><section id=\"bt_bb_section69e23abd39526\"  class=\"bt_bb_section bt_bb_layout_boxed_1200\" ><div class=\"bt_bb_port\"><div class=\"bt_bb_cell\"><div class=\"bt_bb_cell_inner\"><div class=\"bt_bb_row_wrapper\"><div  class=\"bt_bb_row\" ><div  class=\"bt_bb_column col-xl-12 bt_bb_align_left bt_bb_vertical_align_top bt_bb_padding_normal\"  data-width=\"12\" data-bt-override-class=\"{}\"><div class=\"bt_bb_column_content\"><div class=\"bt_bb_column_content_inner\"><div class=\"bt_bb_masonry_image_grid bt_bb_grid_container bt_bb_columns_3 bt_bb_gap_normal\" data-columns=\"3\"><div class=\"bt_bb_masonry_post_image_content\" data-columns=\"3\"><div class=\"bt_bb_grid_sizer\"><\/div><div class=\"bt_bb_grid_item bt_bb_tile_format11\" data-hw=\"1.3328125\" data-src=\"https:\/\/www.gundogdukarot.com.tr\/wp-content\/uploads\/2021\/02\/IMG_0405-640x853.jpg\" data-src-full=\"https:\/\/www.gundogdukarot.com.tr\/wp-content\/uploads\/2021\/02\/IMG_0405-scaled.jpg\" data-title=\"IMG_0405\"><div class=\"bt_bb_grid_item_inner\" data-hw=\"1.3328125\" ><div class=\"bt_bb_grid_item_inner_image\"><\/div><div class=\"bt_bb_grid_item_inner_content\"><\/div><\/div><\/div><div class=\"bt_bb_grid_item bt_bb_tile_format11\" data-hw=\"1.3328125\" data-src=\"https:\/\/www.gundogdukarot.com.tr\/wp-content\/uploads\/2021\/02\/IMG_6805-640x853.jpg\" data-src-full=\"https:\/\/www.gundogdukarot.com.tr\/wp-content\/uploads\/2021\/02\/IMG_6805-scaled.jpg\" data-title=\"IMG_6805\"><div class=\"bt_bb_grid_item_inner\" data-hw=\"1.3328125\" ><div class=\"bt_bb_grid_item_inner_image\"><\/div><div class=\"bt_bb_grid_item_inner_content\"><\/div><\/div><\/div><div class=\"bt_bb_grid_item bt_bb_tile_format11\" data-hw=\"1.3328125\" data-src=\"https:\/\/www.gundogdukarot.com.tr\/wp-content\/uploads\/2021\/02\/IMG_6820-640x853.jpg\" data-src-full=\"https:\/\/www.gundogdukarot.com.tr\/wp-content\/uploads\/2021\/02\/IMG_6820-scaled.jpg\" data-title=\"IMG_6820\"><div class=\"bt_bb_grid_item_inner\" data-hw=\"1.3328125\" ><div class=\"bt_bb_grid_item_inner_image\"><\/div><div class=\"bt_bb_grid_item_inner_content\"><\/div><\/div><\/div><div class=\"bt_bb_grid_item bt_bb_tile_format11\" data-hw=\"1.3328125\" data-src=\"https:\/\/www.gundogdukarot.com.tr\/wp-content\/uploads\/2021\/02\/IMG_6828-640x853.jpg\" data-src-full=\"https:\/\/www.gundogdukarot.com.tr\/wp-content\/uploads\/2021\/02\/IMG_6828-scaled.jpg\" data-title=\"IMG_6828\"><div class=\"bt_bb_grid_item_inner\" data-hw=\"1.3328125\" ><div class=\"bt_bb_grid_item_inner_image\"><\/div><div class=\"bt_bb_grid_item_inner_content\"><\/div><\/div><\/div><div class=\"bt_bb_grid_item bt_bb_tile_format11\" data-hw=\"1.3328125\" data-src=\"https:\/\/www.gundogdukarot.com.tr\/wp-content\/uploads\/2021\/02\/IMG_6830-640x853.jpg\" data-src-full=\"https:\/\/www.gundogdukarot.com.tr\/wp-content\/uploads\/2021\/02\/IMG_6830-scaled.jpg\" data-title=\"IMG_6830\"><div class=\"bt_bb_grid_item_inner\" data-hw=\"1.3328125\" ><div class=\"bt_bb_grid_item_inner_image\"><\/div><div class=\"bt_bb_grid_item_inner_content\"><\/div><\/div><\/div><div class=\"bt_bb_grid_item bt_bb_tile_format11\" data-hw=\"1.3328125\" data-src=\"https:\/\/www.gundogdukarot.com.tr\/wp-content\/uploads\/2021\/02\/IMG_6837-640x853.jpg\" data-src-full=\"https:\/\/www.gundogdukarot.com.tr\/wp-content\/uploads\/2021\/02\/IMG_6837-scaled.jpg\" data-title=\"IMG_6837\"><div class=\"bt_bb_grid_item_inner\" data-hw=\"1.3328125\" ><div class=\"bt_bb_grid_item_inner_image\"><\/div><div class=\"bt_bb_grid_item_inner_content\"><\/div><\/div><\/div><div class=\"bt_bb_grid_item bt_bb_tile_format11\" data-hw=\"1.3328125\" data-src=\"https:\/\/www.gundogdukarot.com.tr\/wp-content\/uploads\/2021\/02\/IMG_6848-640x853.jpg\" data-src-full=\"https:\/\/www.gundogdukarot.com.tr\/wp-content\/uploads\/2021\/02\/IMG_6848-scaled.jpg\" data-title=\"IMG_6848\"><div class=\"bt_bb_grid_item_inner\" data-hw=\"1.3328125\" ><div class=\"bt_bb_grid_item_inner_image\"><\/div><div class=\"bt_bb_grid_item_inner_content\"><\/div><\/div><\/div><div class=\"bt_bb_grid_item bt_bb_tile_format11\" data-hw=\"1.3328125\" data-src=\"https:\/\/www.gundogdukarot.com.tr\/wp-content\/uploads\/2021\/02\/IMG_6856-640x853.jpg\" data-src-full=\"https:\/\/www.gundogdukarot.com.tr\/wp-content\/uploads\/2021\/02\/IMG_6856-scaled.jpg\" data-title=\"IMG_6856\"><div class=\"bt_bb_grid_item_inner\" data-hw=\"1.3328125\" ><div class=\"bt_bb_grid_item_inner_image\"><\/div><div class=\"bt_bb_grid_item_inner_content\"><\/div><\/div><\/div><div class=\"bt_bb_grid_item bt_bb_tile_format11\" data-hw=\"1.3328125\" data-src=\"https:\/\/www.gundogdukarot.com.tr\/wp-content\/uploads\/2021\/02\/IMG_6919-640x853.jpg\" data-src-full=\"https:\/\/www.gundogdukarot.com.tr\/wp-content\/uploads\/2021\/02\/IMG_6919-scaled.jpg\" data-title=\"IMG_6919\"><div class=\"bt_bb_grid_item_inner\" data-hw=\"1.3328125\" ><div class=\"bt_bb_grid_item_inner_image\"><\/div><div class=\"bt_bb_grid_item_inner_content\"><\/div><\/div><\/div><div class=\"bt_bb_grid_item bt_bb_tile_format11\" data-hw=\"1.3328125\" data-src=\"https:\/\/www.gundogdukarot.com.tr\/wp-content\/uploads\/2021\/02\/IMG_6952-640x853.jpg\" data-src-full=\"https:\/\/www.gundogdukarot.com.tr\/wp-content\/uploads\/2021\/02\/IMG_6952-scaled.jpg\" data-title=\"IMG_6952\"><div class=\"bt_bb_grid_item_inner\" data-hw=\"1.3328125\" ><div class=\"bt_bb_grid_item_inner_image\"><\/div><div class=\"bt_bb_grid_item_inner_content\"><\/div><\/div><\/div><div class=\"bt_bb_grid_item bt_bb_tile_format11\" data-hw=\"1.3328125\" data-src=\"https:\/\/www.gundogdukarot.com.tr\/wp-content\/uploads\/2021\/02\/IMG_7051-640x853.jpg\" data-src-full=\"https:\/\/www.gundogdukarot.com.tr\/wp-content\/uploads\/2021\/02\/IMG_7051-scaled.jpg\" data-title=\"IMG_7051\"><div class=\"bt_bb_grid_item_inner\" data-hw=\"1.3328125\" ><div class=\"bt_bb_grid_item_inner_image\"><\/div><div class=\"bt_bb_grid_item_inner_content\"><\/div><\/div><\/div><div class=\"bt_bb_grid_item bt_bb_tile_format11\" data-hw=\"0.75\" data-src=\"https:\/\/www.gundogdukarot.com.tr\/wp-content\/uploads\/2021\/02\/IMG_7044-640x480.jpg\" data-src-full=\"https:\/\/www.gundogdukarot.com.tr\/wp-content\/uploads\/2021\/02\/IMG_7044-scaled.jpg\" data-title=\"IMG_7044\"><div class=\"bt_bb_grid_item_inner\" data-hw=\"0.75\" ><div class=\"bt_bb_grid_item_inner_image\"><\/div><div class=\"bt_bb_grid_item_inner_content\"><\/div><\/div><\/div><\/div><\/div><\/div><\/div><\/div><\/div><\/div><\/div><\/div><\/div><\/section><\/div>","protected":false},"excerpt":{"rendered":"<p>Synergistically evolve 2.0 technologies rather than just in time initiatives. Quickly deploy strategic networks with compelling e-business. Credibly pontificate highly efficient manufactured products and enabled data.<\/p>\n","protected":false},"author":1,"featured_media":0,"parent":0,"menu_order":0,"comment_status":"closed","ping_status":"closed","template":"","meta":[],"_links":{"self":[{"href":"https:\/\/www.gundogdukarot.com.tr\/en\/wp-json\/wp\/v2\/pages\/2660"}],"collection":[{"href":"https:\/\/www.gundogdukarot.com.tr\/en\/wp-json\/wp\/v2\/pages"}],"about":[{"href":"https:\/\/www.gundogdukarot.com.tr\/en\/wp-json\/wp\/v2\/types\/page"}],"author":[{"embeddable":true,"href":"https:\/\/www.gundogdukarot.com.tr\/en\/wp-json\/wp\/v2\/users\/1"}],"replies":[{"embeddable":true,"href":"https:\/\/www.gundogdukarot.com.tr\/en\/wp-json\/wp\/v2\/comments?post=2660"}],"version-history":[{"count":1,"href":"https:\/\/www.gundogdukarot.com.tr\/en\/wp-json\/wp\/v2\/pages\/2660\/revisions"}],"predecessor-version":[{"id":2661,"href":"https:\/\/www.gundogdukarot.com.tr\/en\/wp-json\/wp\/v2\/pages\/2660\/revisions\/2661"}],"wp:attachment":[{"href":"https:\/\/www.gundogdukarot.com.tr\/en\/wp-json\/wp\/v2\/media?parent=2660"}],"curies":[{"name":"wp","href":"https:\/\/api.w.org\/{rel}","templated":true}]}}